{"id":25936,"date":"2022-02-28T06:50:33","date_gmt":"2022-02-28T06:50:33","guid":{"rendered":"https:\/\/www.robin-holdings.com\/?page_id=25936"},"modified":"2022-03-04T09:12:41","modified_gmt":"2022-03-04T09:12:41","slug":"blog-2","status":"publish","type":"page","link":"https:\/\/www.robin-holdings.com\/es\/blog-2\/","title":{"rendered":"Blog"},"content":{"rendered":"<div data-elementor-type=\"wp-page\"  data-elementor-id=\"25936\"  class=\"elementor elementor-25936\"  data-elementor-settings=\"[]\">\n\t\t\t\t\t\t\t<div class=\"elementor-section-wrap\">\n\t\t\t\t\t\t\t<section class=\"elementor-section elementor-top-section elementor-element elementor-element-2690fef elementor-section-boxed elementor-section-height-default elementor-section-height-default\"   data-id=\"2690fef\"   data-element_type=\"section\">\n\t\t\t\t\t\t<div class=\"elementor-container elementor-column-gap-default\">\n\t\t\t\t\t<div class=\"elementor-column elementor-col-100 elementor-top-column elementor-element elementor-element-f83bcf3\"   data-id=\"f83bcf3\" data-element_type=\"column\">\n\t\t\t<div class=\"elementor-widget-wrap elementor-element-populated\">\n\t\t\t\t\t\t\t\t<div class=\"elementor-element elementor-element-ad3d20e elementor-widget elementor-widget-spacer\"   data-id=\"ad3d20e\"  data-element_type=\"widget\" data-widget_type=\"spacer.default\">\n\t\t\t\t<div class=\"elementor-widget-container\">\n\t\t\t\t\t<div class=\"elementor-spacer\">\n\t\t\t<div class=\"elementor-spacer-inner\"><\/div>\n\t\t<\/div>\n\t\t\t\t<\/div>\n\t\t\t\t<\/div>\n\t\t\t\t\t<\/div>\n\t\t<\/div>\n\t\t\t\t\t\t\t<\/div>\n\t\t<\/section>\n\t\t\t\t<section class=\"elementor-section elementor-top-section elementor-element elementor-element-9d01219 elementor-section-boxed elementor-section-height-default elementor-section-height-default\"   data-id=\"9d01219\"   data-element_type=\"section\">\n\t\t\t\t\t\t<div class=\"elementor-container elementor-column-gap-default\">\n\t\t\t\t\t<div class=\"elementor-column elementor-col-100 elementor-top-column elementor-element elementor-element-148c744\"   data-id=\"148c744\"  data-element_type=\"column\">\n\t\t\t<div class=\"elementor-widget-wrap\">\n\t\t\t\t\t\t\t\t\t<\/div>\n\t\t<\/div>\n\t\t\t\t\t\t\t<\/div>\n\t\t<\/section>\n\t\t\t\t<section class=\"elementor-section elementor-top-section elementor-element elementor-element-ee629a2 elementor-section-boxed elementor-section-height-default elementor-section-height-default\"   data-id=\"ee629a2\"   data-element_type=\"section\">\n\t\t\t\t\t\t<div class=\"elementor-container elementor-column-gap-default\">\n\t\t\t\t\t<div class=\"elementor-column elementor-col-100 elementor-top-column elementor-element elementor-element-9466732\"   data-id=\"9466732\" data-element_type=\"column\">\n\t\t\t<div class=\"elementor-widget-wrap elementor-element-populated\">\n\t\t\t\t\t\t\t\t<div class=\"elementor-element elementor-element-82b8a9f elementor-widget elementor-widget-blogmentor_blog_posts\"   data-id=\"82b8a9f\"   data-element_type=\"widget\"  data-widget_type=\"blogmentor_blog_posts.default\">\n\t\t\t\t<div class=\"elementor-widget-container\">\n\t\t\t\t\t\n\t\t\t\t\t<div class=\"upl-main\" >\n\t\t<div class=\"upl-container\">\n\t\t\t\t\t\t\t<div class=\"upl-left-section bm_content_box\">\n\t\t\t\t\t\t\t\t<div class=\"bm-post-image clearfix bm-hover-effect bm-hover-effect-opacity\">\n\t\t\t\t\t<div class=\"upl-image\"   style=\"background-image: url('https:\/\/www.robin-holdings.com\/wp-content\/uploads\/2023\/05\/blog-24-.png')\"><\/div>\n\t\t\t\t<\/div>\n\t\t\t\t<div class=\"upl-author\"><img decoding=\"async\"   src=\"https:\/\/secure.gravatar.com\/avatar\/f509a45e8fb4891baf137d6f776d141a?s=96&d=mm&r=g\"><\/div>\n\t\t\t\t<div class=\"upl-title bm_title\"><a href=\"https:\/\/www.robin-holdings.com\/es\/uncategorized\/morals-of-the-racial-spectrum\/\"   rel=\"bookmark\">Moral del espectro racial<\/a><\/div>\t\t\t\t\t<div class=\"upl-excerpt bm_content\"> 24 de mayo de 2023 En los \u00faltimos a\u00f1os, el concepto de espectro de g\u00e9nero ha estado en el punto de mira de la opini\u00f3n p\u00fablica y ha sido un tema habitual de debate. Sin embargo, es importante... <\/div>\n\t\t\t\t\t\t\t\t\t<div class=\"upl-cat-date bm_meta\">\n\t\t\t\t\t\tRobin | 24 de mayo de 2023 \t\t\t\t\t<\/div>\n\t\t\t\t\t\t\t<\/div>\n\t\t\t\n\t\t\t\t\t\t<div class=\"upl-right-section\">\n\t\t\t\t<div class=\"upl-top bm_content_box\">\n\t\t\t\t\t<div class=\"bm-post-image clearfix bm-hover-effect bm-hover-effect-opacity\">\n\t\t\t\t\t\t<div class=\"upl-image\"   style=\"background-image: url('https:\/\/www.robin-holdings.com\/wp-content\/uploads\/2023\/05\/blog-22.png')\"><\/div>\n\t\t\t\t\t<\/div>\n\t\t\t\t\t<div class=\"upl-author\">\n\t\t\t\t\t\t<img decoding=\"async\"   src=\"https:\/\/secure.gravatar.com\/avatar\/7fb4e32ebb7d25175b37c398a0386b5f?s=96&d=mm&r=g\">\n\t\t\t\t\t<\/div>\n\t\t\t\t\t<div class=\"upl-title bm_title\"><a href=\"https:\/\/www.robin-holdings.com\/es\/uncategorized\/individualidad-igualdad-y-crecimiento-economico\/\"   rel=\"bookmark\">INDIVIDUALIDAD, IGUALDAD Y CRECIMIENTO ECON\u00d3MICO<\/a><\/div>\t\t\t\t\t\t<div class=\"upl-excerpt bm_content\"> 17 de mayo de 2023 Las crisis de la individualidad y la igualdad tienen importantes repercusiones... <\/div>\n\t\t\t\t\t\t\t\t\t\t\t<div class=\"upl-cat-date bm_meta\">\n\t\t\t\t\t\tAlejandro | 17 de mayo de 2023 \t\t\t\t\t\t<\/div>\n\t\t\t\t\t\t\t\t\t<\/div>\n\t\t\t\t\t\t\t<div class=\"upl-bottom bm_content_box\">\n\t\t\t\t\t<div class=\"bm-post-image clearfix bm-hover-effect bm-hover-effect-opacity\">\n\t\t\t\t\t\t<div class=\"upl-image\"   style=\"background-image: url('https:\/\/www.robin-holdings.com\/wp-content\/uploads\/2023\/05\/articulo22_robinholdings.png')\"><\/div>\n\t\t\t\t\t<\/div>\n\t\t\t\t\t<div class=\"upl-author\">\n\t\t\t\t\t\t<img decoding=\"async\"   src=\"https:\/\/secure.gravatar.com\/avatar\/f509a45e8fb4891baf137d6f776d141a?s=96&d=mm&r=g\">\n\t\t\t\t\t<\/div>\n\t\t\t\t\t<div class=\"upl-title bm_title\"><a href=\"https:\/\/www.robin-holdings.com\/es\/uncategorized\/two-stories-one-coin\/\"   rel=\"bookmark\">Dos historias, una moneda.<\/a><\/div>\t\t\t\t\t\t<div class=\"upl-excerpt bm_content\"> 10 de mayo de 2023 En los \u00faltimos a\u00f1os, las redes sociales se han convertido en una plataforma... <\/div>\n\t\t\t\t\t\t\t\t\t\t\t<div class=\"upl-cat-date bm_meta\">\n\t\t\t\t\t\tRobin | 10 de mayo de 2023 \t\t\t\t\t\t<\/div>\n\t\t\t\t\t\t\t\t\t<\/div>\n\t\t\t\t\t\t<\/div>\n\t\t<\/div>\n\t<\/div>\n\n\t<div class=\"upl-second-section\">\n\t\t\t\t\t<div class=\"upl-second bm_content_box\">\n\t\t\t\t<div class=\"bm-post-image clearfix bm-hover-effect bm-hover-effect-opacity\">\n\t\t\t\t\t<div class=\"upl-image\"   style=\"background-image: url('https:\/\/www.robin-holdings.com\/wp-content\/uploads\/2023\/05\/glog-21-robin.png')\"><\/div>\n\t\t\t\t<\/div>\n\t\t\t\t<div class=\"upl-author\">\n\t\t\t\t\t<img decoding=\"async\"   src=\"https:\/\/secure.gravatar.com\/avatar\/f509a45e8fb4891baf137d6f776d141a?s=96&d=mm&r=g\">\n\t\t\t\t<\/div>\n\t\t\t\t<div class=\"upl-title bm_title\"><a href=\"https:\/\/www.robin-holdings.com\/es\/uncategorized\/individuality-and-equality\/\"   rel=\"bookmark\">Individualidad e igualdad<\/a><\/div>\t\t\t\t\t<div class=\"upl-excerpt bm_content\"> 4 de mayo de 2023 El nuevo contexto mundial ha creado problemas... <\/div>\n\t\t\t\t\t\t\t\t\t<div class=\"upl-cat-date bm_meta\">Robin | 4 de mayo de 2023 \t\t\t\t\t<\/div>\n\t\t\t\t\t\t\t<\/div>\n\t\t\t\t\t<div class=\"upl-second bm_content_box\">\n\t\t\t\t<div class=\"bm-post-image clearfix bm-hover-effect bm-hover-effect-opacity\">\n\t\t\t\t\t<div class=\"upl-image\"   style=\"background-image: url('https:\/\/www.robin-holdings.com\/wp-content\/uploads\/2023\/02\/articulo20_robinholdings.png')\"><\/div>\n\t\t\t\t<\/div>\n\t\t\t\t<div class=\"upl-author\">\n\t\t\t\t\t<img decoding=\"async\"   src=\"https:\/\/secure.gravatar.com\/avatar\/7fb4e32ebb7d25175b37c398a0386b5f?s=96&d=mm&r=g\">\n\t\t\t\t<\/div>\n\t\t\t\t<div class=\"upl-title bm_title\"><a href=\"https:\/\/www.robin-holdings.com\/es\/12\/stocks-markets-and-latin-america\/\"   rel=\"bookmark\">Mercados burs\u00e1tiles y Am\u00e9rica Latina<\/a><\/div>\t\t\t\t\t<div class=\"upl-excerpt bm_content\"> 20 de febrero de 2023 Los mercados de valores son parte integrante de las econom\u00edas modernas,... <\/div>\n\t\t\t\t\t\t\t\t\t<div class=\"upl-cat-date bm_meta\">Alejandro | febrero 20, 2023 \t\t\t\t\t<\/div>\n\t\t\t\t\t\t\t<\/div>\n\t\t\t\t\t<div class=\"upl-second bm_content_box\">\n\t\t\t\t<div class=\"bm-post-image clearfix bm-hover-effect bm-hover-effect-opacity\">\n\t\t\t\t\t<div class=\"upl-image\"   style=\"background-image: url('https:\/\/www.robin-holdings.com\/wp-content\/uploads\/2022\/11\/articulo19_robinholdings_Mesa-de-trabajo-1.png')\"><\/div>\n\t\t\t\t<\/div>\n\t\t\t\t<div class=\"upl-author\">\n\t\t\t\t\t<img decoding=\"async\"   src=\"https:\/\/secure.gravatar.com\/avatar\/bc606efb3ac8b7f2c086a1efacc2acb9?s=96&d=mm&r=g\">\n\t\t\t\t<\/div>\n\t\t\t\t<div class=\"upl-title bm_title\"><a href=\"https:\/\/www.robin-holdings.com\/es\/12\/china-and-the-great-wall-of-covid\/\"   rel=\"bookmark\">China y la Gran Muralla de Covid.<\/a><\/div>\t\t\t\t\t<div class=\"upl-excerpt bm_content\"> En los \u00faltimos a\u00f1os, China se ha caracterizado por seguir al pie de la letra... <\/div>\n\t\t\t\t\t\t\t\t\t<div class=\"upl-cat-date bm_meta\">L.A. | 29 de noviembre de 2022 \t\t\t\t\t<\/div>\n\t\t\t\t\t\t\t<\/div>\n\t\t\t<\/div>\n\t\t\t<div class=\"bm-pagination pagination_style_2\">\n\t\t\t\t<span aria-current=\"page\"   class=\"page-numbers current\">1<\/span>\n<a class=\"page-numbers\"   href=\"https:\/\/www.robin-holdings.com\/es\/wp-json\/wp\/v2\/pages\/25936\/page\/2\/\">2<\/a>\n<a class=\"page-numbers\"   href=\"https:\/\/www.robin-holdings.com\/es\/wp-json\/wp\/v2\/pages\/25936\/page\/3\/\">3<\/a>\n<a class=\"page-numbers\"   href=\"https:\/\/www.robin-holdings.com\/es\/wp-json\/wp\/v2\/pages\/25936\/page\/4\/\">4<\/a>\n<a class=\"next page-numbers\"   href=\"https:\/\/www.robin-holdings.com\/es\/wp-json\/wp\/v2\/pages\/25936\/page\/2\/\"> <i><\/i><\/a>\t\t\t<\/div>\n\t\t\t\t<\/div>\n\t\t\t\t<\/div>\n\t\t\t\t\t<\/div>\n\t\t<\/div>\n\t\t\t\t\t\t\t<\/div>\n\t\t<\/section>\n\t\t\t\t\t\t<\/div>\n\t\t\t\t\t<\/div>","protected":false},"excerpt":{"rendered":"<p>La informaci\u00f3n est\u00e1 ah\u00ed: s\u00f3lo hay que buscarla 2 de marzo de 2022 Nuestra opini\u00f3n sobre esta crisis financiera es que a\u00fan no ha llegado a su punto m\u00e1s cr\u00edtico. La impresi\u00f3n de billetes ha creado una deuda demasiado grande;... L.A. | marzo 2, 2022<\/p>","protected":false},"author":1,"featured_media":0,"parent":0,"menu_order":0,"comment_status":"closed","ping_status":"closed","template":"","meta":{"site-sidebar-layout":"no-sidebar","site-content-layout":"page-builder","ast-main-header-display":"","ast-hfb-above-header-display":"","ast-hfb-below-header-display":"","ast-hfb-mobile-header-display":"","site-post-title":"disabled","ast-breadcrumbs-content":"","ast-featured-img":"disabled","footer-sml-layout":"","theme-transparent-header-meta":"","adv-header-id-meta":"","stick-header-meta":"","header-above-stick-meta":"","header-main-stick-meta":"","header-below-stick-meta":""},"yoast_head":"<!-- This site is optimized with the Yoast SEO plugin v20.7 - https:\/\/yoast.com\/wordpress\/plugins\/seo\/ -->\n<title>Blog - ROBIN HOLDINGS<\/title>\n<meta name=\"robots\"  content=\"index, follow, max-snippet:-1, max-image-preview:large, max-video-preview:-1\" \/>\n<link rel=\"canonical\"  href=\"https:\/\/www.robin-holdings.com\/es\/blog-2\/\" \/>\n<meta property=\"og:locale\"  content=\"es_MX\" \/>\n<meta property=\"og:type\"  content=\"article\" \/>\n<meta property=\"og:title\"  content=\"Blog - ROBIN HOLDINGS\" \/>\n<meta property=\"og:description\"  content=\"The information is there: you just have to look for it March 2nd, 2022 Our opinion on this financial crisis is that it has not yet reached its most critical point. The printing of banknotes has created too great a debt;&hellip; L.A. | marzo 2, 2022\" \/>\n<meta property=\"og:url\"  content=\"https:\/\/www.robin-holdings.com\/es\/blog-2\/\" \/>\n<meta property=\"og:site_name\"  content=\"ROBIN HOLDINGS\" \/>\n<meta property=\"article:modified_time\"  content=\"2022-03-04T09:12:41+00:00\" \/>\n<meta property=\"og:image\"  content=\"https:\/\/secure.gravatar.com\/avatar\/bc606efb3ac8b7f2c086a1efacc2acb9?s=96&d=mm&r=g\" \/>\n<meta name=\"twitter:card\"  content=\"summary_large_image\" \/>\n<meta name=\"twitter:label1\" content=\"Tiempo de lectura\" \/>\n\t<meta name=\"twitter:data1\" content=\"1 minuto\" \/>\n<script type=\"application\/ld+json\" class=\"yoast-schema-graph\">{\"@context\":\"https:\/\/schema.org\",\"@graph\":[{\"@type\":\"WebPage\",\"@id\":\"https:\/\/www.robin-holdings.com\/blog-2\/\",\"url\":\"https:\/\/www.robin-holdings.com\/blog-2\/\",\"name\":\"Blog - ROBIN HOLDINGS\",\"isPartOf\":{\"@id\":\"https:\/\/www.robin-holdings.com\/#website\"},\"datePublished\":\"2022-02-28T06:50:33+00:00\",\"dateModified\":\"2022-03-04T09:12:41+00:00\",\"breadcrumb\":{\"@id\":\"https:\/\/www.robin-holdings.com\/blog-2\/#breadcrumb\"},\"inLanguage\":\"es-MX\",\"potentialAction\":[{\"@type\":\"ReadAction\",\"target\":[\"https:\/\/www.robin-holdings.com\/blog-2\/\"]}]},{\"@type\":\"BreadcrumbList\",\"@id\":\"https:\/\/www.robin-holdings.com\/blog-2\/#breadcrumb\",\"itemListElement\":[{\"@type\":\"ListItem\",\"position\":1,\"name\":\"Portada\",\"item\":\"https:\/\/www.robin-holdings.com\/\"},{\"@type\":\"ListItem\",\"position\":2,\"name\":\"Blog\"}]},{\"@type\":\"WebSite\",\"@id\":\"https:\/\/www.robin-holdings.com\/#website\",\"url\":\"https:\/\/www.robin-holdings.com\/\",\"name\":\"ROBIN HOLDINGS\",\"description\":\"Financial crisis and &ldquo;commodities&rdquo;\",\"publisher\":{\"@id\":\"https:\/\/www.robin-holdings.com\/#organization\"},\"potentialAction\":[{\"@type\":\"SearchAction\",\"target\":{\"@type\":\"EntryPoint\",\"urlTemplate\":\"https:\/\/www.robin-holdings.com\/?s={search_term_string}\"},\"query-input\":\"required name=search_term_string\"}],\"inLanguage\":\"es-MX\"},{\"@type\":\"Organization\",\"@id\":\"https:\/\/www.robin-holdings.com\/#organization\",\"name\":\"ROBIN HOLDINGS\",\"url\":\"https:\/\/www.robin-holdings.com\/\",\"logo\":{\"@type\":\"ImageObject\",\"inLanguage\":\"es-MX\",\"@id\":\"https:\/\/www.robin-holdings.com\/#\/schema\/logo\/image\/\",\"url\":\"https:\/\/www.robin-holdings.com\/wp-content\/uploads\/2022\/03\/cropped-logorobinhorizontal_Mesa-de-trabajo-1-recortado.png\",\"contentUrl\":\"https:\/\/www.robin-holdings.com\/wp-content\/uploads\/2022\/03\/cropped-logorobinhorizontal_Mesa-de-trabajo-1-recortado.png\",\"width\":408,\"height\":136,\"caption\":\"ROBIN HOLDINGS\"},\"image\":{\"@id\":\"https:\/\/www.robin-holdings.com\/#\/schema\/logo\/image\/\"}}]}<\/script>\n<!-- \/ Yoast SEO plugin. -->","yoast_head_json":{"title":"Blog - ROBIN HOLDINGS","robots":{"index":"index","follow":"follow","max-snippet":"max-snippet:-1","max-image-preview":"max-image-preview:large","max-video-preview":"max-video-preview:-1"},"canonical":"https:\/\/www.robin-holdings.com\/es\/blog-2\/","og_locale":"es_MX","og_type":"article","og_title":"Blog - ROBIN HOLDINGS","og_description":"The information is there: you just have to look for it March 2nd, 2022 Our opinion on this financial crisis is that it has not yet reached its most critical point. The printing of banknotes has created too great a debt;&hellip; L.A. | marzo 2, 2022","og_url":"https:\/\/www.robin-holdings.com\/es\/blog-2\/","og_site_name":"ROBIN HOLDINGS","article_modified_time":"2022-03-04T09:12:41+00:00","og_image":[{"url":"https:\/\/secure.gravatar.com\/avatar\/bc606efb3ac8b7f2c086a1efacc2acb9?s=96&d=mm&r=g"}],"twitter_card":"summary_large_image","twitter_misc":{"Tiempo de lectura":"1 minuto"},"schema":{"@context":"https:\/\/schema.org","@graph":[{"@type":"WebPage","@id":"https:\/\/www.robin-holdings.com\/blog-2\/","url":"https:\/\/www.robin-holdings.com\/blog-2\/","name":"Blog - ROBIN HOLDINGS","isPartOf":{"@id":"https:\/\/www.robin-holdings.com\/#website"},"datePublished":"2022-02-28T06:50:33+00:00","dateModified":"2022-03-04T09:12:41+00:00","breadcrumb":{"@id":"https:\/\/www.robin-holdings.com\/blog-2\/#breadcrumb"},"inLanguage":"es-MX","potentialAction":[{"@type":"ReadAction","target":["https:\/\/www.robin-holdings.com\/blog-2\/"]}]},{"@type":"BreadcrumbList","@id":"https:\/\/www.robin-holdings.com\/blog-2\/#breadcrumb","itemListElement":[{"@type":"ListItem","position":1,"name":"Portada","item":"https:\/\/www.robin-holdings.com\/"},{"@type":"ListItem","position":2,"name":"Blog"}]},{"@type":"WebSite","@id":"https:\/\/www.robin-holdings.com\/#website","url":"https:\/\/www.robin-holdings.com\/","name":"ROBIN HOLDINGS","description":"Financial crisis and &ldquo;commodities&rdquo;","publisher":{"@id":"https:\/\/www.robin-holdings.com\/#organization"},"potentialAction":[{"@type":"SearchAction","target":{"@type":"EntryPoint","urlTemplate":"https:\/\/www.robin-holdings.com\/?s={search_term_string}"},"query-input":"required name=search_term_string"}],"inLanguage":"es-MX"},{"@type":"Organization","@id":"https:\/\/www.robin-holdings.com\/#organization","name":"ROBIN HOLDINGS","url":"https:\/\/www.robin-holdings.com\/","logo":{"@type":"ImageObject","inLanguage":"es-MX","@id":"https:\/\/www.robin-holdings.com\/#\/schema\/logo\/image\/","url":"https:\/\/www.robin-holdings.com\/wp-content\/uploads\/2022\/03\/cropped-logorobinhorizontal_Mesa-de-trabajo-1-recortado.png","contentUrl":"https:\/\/www.robin-holdings.com\/wp-content\/uploads\/2022\/03\/cropped-logorobinhorizontal_Mesa-de-trabajo-1-recortado.png","width":408,"height":136,"caption":"ROBIN HOLDINGS"},"image":{"@id":"https:\/\/www.robin-holdings.com\/#\/schema\/logo\/image\/"}}]}},"uagb_featured_image_src":{"full":false,"thumbnail":false,"medium":false,"medium_large":false,"large":false,"1536x1536":false,"2048x2048":false,"trp-custom-language-flag":false,"bm-post-thumb":false,"bm-post-medium":false},"uagb_author_info":{"display_name":"admin","author_link":"https:\/\/www.robin-holdings.com\/es\/author\/admin\/"},"uagb_comment_info":0,"uagb_excerpt":"The information is there: you just have to look for it March 2nd, 2022 Our opinion on this financial crisis is that it has not yet reached its most critical point. The printing of banknotes has created too great a debt;&hellip; L.A. | marzo 2, 2022","_links":{"self":[{"href":"https:\/\/www.robin-holdings.com\/es\/wp-json\/wp\/v2\/pages\/25936"}],"collection":[{"href":"https:\/\/www.robin-holdings.com\/es\/wp-json\/wp\/v2\/pages"}],"about":[{"href":"https:\/\/www.robin-holdings.com\/es\/wp-json\/wp\/v2\/types\/page"}],"author":[{"embeddable":true,"href":"https:\/\/www.robin-holdings.com\/es\/wp-json\/wp\/v2\/users\/1"}],"replies":[{"embeddable":true,"href":"https:\/\/www.robin-holdings.com\/es\/wp-json\/wp\/v2\/comments?post=25936"}],"version-history":[{"count":13,"href":"https:\/\/www.robin-holdings.com\/es\/wp-json\/wp\/v2\/pages\/25936\/revisions"}],"predecessor-version":[{"id":26221,"href":"https:\/\/www.robin-holdings.com\/es\/wp-json\/wp\/v2\/pages\/25936\/revisions\/26221"}],"wp:attachment":[{"href":"https:\/\/www.robin-holdings.com\/es\/wp-json\/wp\/v2\/media?parent=25936"}],"curies":[{"name":"wp","href":"https:\/\/api.w.org\/{rel}","templated":true}]}}